{"id":12,"date":"2025-03-06T22:18:17","date_gmt":"2025-03-06T21:18:17","guid":{"rendered":"https:\/\/www.csnp-mulhouse.fr\/?page_id=12"},"modified":"2025-03-22T19:15:27","modified_gmt":"2025-03-22T18:15:27","slug":"mentions-legales","status":"publish","type":"page","link":"https:\/\/www.csnp-mulhouse.fr\/?page_id=12","title":{"rendered":"Mentions l\u00e9gales"},"content":{"rendered":"\n<p>csnp-mulhouse.fr est le site officiel du CSNP (Centre de Soins Non Programm\u00e9s) de Mulhouse.<\/p>\n\n\n\n<p>CENTRE DE SOINS NON PROGRAMMES<\/p>\n\n\n\n<p>3H rue du Dr Mangeney<\/p>\n\n\n\n<p>68100 MULHOUSE<\/p>\n\n\n\n<h3 class=\"wp-block-heading\"><strong>Informations l\u00e9gales<\/strong><\/h3>\n\n\n\n<p>L&rsquo;information communiqu\u00e9e sur ce site est pr\u00e9sent\u00e9e \u00e0 titre indicatif. Elle ne pr\u00e9tend aucunement \u00e0 l&rsquo;exhaustivit\u00e9. Malgr\u00e9 les mises \u00e0 jour du contenu du site, le CSNP de Mulhouse ne peut \u00eatre tenue pour responsable de la modification des dispositions administratives et juridiques survenant apr\u00e8s la publication. Pour signaler une erreur ou demander la rectification d&rsquo;informations, contactez l&rsquo;administrateur du site par t\u00e9l\u00e9phone ou par courriel.<\/p>\n\n\n\n<p>Le CSNP de Mulhouse ne peut \u00eatre tenue pour responsable des informations diffus\u00e9es sur les sites en lien et de l&rsquo;utilisation qui peut en \u00eatre faite.<\/p>\n\n\n\n<p>Le CSNP de Mulhouse d\u00e9gage toute responsabilit\u00e9 concernant les liens cr\u00e9\u00e9s par d&rsquo;autres sites vers ses propres sites. L&rsquo;existence de tels liens ne peut permettre d&rsquo;induire que le CSNP de Mulhouse cautionne ces sites ou qu&rsquo;elle en approuve le contenu.<\/p>\n\n\n\n<h4 class=\"wp-block-heading\"><strong>Protection de la vie priv\u00e9e<\/strong><\/h4>\n\n\n\n<h5 class=\"wp-block-heading\"><strong>Utilisation des cookies :<\/strong><\/h5>\n\n\n\n<p>Les cookies de ce site sont utilis\u00e9s par le syst\u00e8me de statistique Google Analytics, et par le syst\u00e8me de gestion de contenu du site (WordPress). Aucune information nominative n&rsquo;est enregistr\u00e9e.<\/p>\n\n\n\n<h5 class=\"wp-block-heading\"><strong>Messagerie :<\/strong><\/h5>\n\n\n\n<p>En utilisant votre logiciel de messagerie, vous nous communiquez votre adresse \u00e9lectronique. Elle ne sera pas utilis\u00e9e \u00e0 des fins commerciales. Vous pouvez demander \u00e0 tout moment, par simple courrier \u00e9lectronique ou par lettre, de ne plus figurer dans nos fichiers de contacts. Conform\u00e9ment \u00e0 la loi Informatique et libert\u00e9s du 6 janvier 1978, vous disposez d&rsquo;un droit d&rsquo;acc\u00e8s, de modification, de rectification et de suppression des donn\u00e9es vous concernant aupr\u00e8s du Groupe Hospitalier de la R\u00e9gion de Mulhouse et Sud-Alsace.<\/p>\n\n\n\n<h5 class=\"wp-block-heading\"><strong>Droits d&rsquo;utilisation et de reproduction<\/strong><\/h5>\n\n\n\n<p>Le droit de reproduction et\/ou droit de repr\u00e9sentation des donn\u00e9es du site web csnp-mulhouse.fr est exclusivement destin\u00e9 \u00e0 l&rsquo;usage priv\u00e9 et\/ou aux seules fins de consultation personnelle et priv\u00e9e des utilisateurs du r\u00e9seau Internet.<\/p>\n\n\n\n<p>Toute autre utilisation est strictement interdite et susceptible de poursuites conform\u00e9ment aux dispositions du Code de la Propri\u00e9t\u00e9 Intellectuelle fran\u00e7ais, des r\u00e8glements nationaux et des conventions internationales en vigueur.<\/p>\n\n\n\n<p>Le logo du CSNP de Mulhouse est la propri\u00e9t\u00e9 du CSNP de Mulhouse. Toute reproduction totale ou partielle de cette marque sans autorisation pr\u00e9alable et \u00e9crite est interdite, de m\u00eame que toute modification des proportions, couleurs, \u00e9l\u00e9ments et constituants.<\/p>\n\n\n\n<h5 class=\"wp-block-heading\"><strong>Droit applicable<\/strong><\/h5>\n\n\n\n<p>De convention expresse entre les parties, le droit applicable aux pr\u00e9sentes et \u00e0 leurs cons\u00e9quences est exclusivement le Droit Fran\u00e7ais, tant en ce qui concerne les r\u00e8gles de proc\u00e9dure que celles du fond.<\/p>\n\n\n\n<h3 class=\"wp-block-heading\"><strong>Informatique et libert\u00e9s<\/strong><\/h3>\n\n\n\n<h6 class=\"wp-block-heading\"><strong>Protection des donn\u00e9es personnelles<\/strong><\/h6>\n\n\n\n<p>Lors de votre prise en charge, le CSNP de Mulhouse est amen\u00e9 \u00e0 recueillir des informations vous concernant \u00e0 des fins administratives, m\u00e9dicales ou statistiques, dans le strict respect de la confidentialit\u00e9, du secret professionnel et m\u00e9dical.<\/p>\n\n\n\n<p>Ces informations (collect\u00e9es directement aupr\u00e8s de vous et de votre famille lors de votre prise en charge, ou indirectement aupr\u00e8s des professionnels de sant\u00e9), selon leur nature, sont r\u00e9serv\u00e9es \u00e0 l\u2019\u00e9quipe m\u00e9dicale qui vous suit et aux services administratifs.<\/p>\n\n\n\n<p>Afin de pouvoir assurer la continuit\u00e9 des soins, certaines informations \u00e0 caract\u00e8re personnel peuvent \u00eatre communiqu\u00e9es \u00e0 des \u00e9tablissements ext\u00e9rieurs dans le cadre de votre prise en charge (\u00e9tablissements de sant\u00e9, centres d\u2019imagerie, transporteurs sanitaires\u2026).<\/p>\n\n\n\n<p>Ces donn\u00e9es sont \u00e9galement susceptibles d\u2019\u00eatre utilis\u00e9es \u00e0 des fins d\u2019analyse et de recherche au sein de l\u2019\u00e9tablissement, ou d\u2019\u00eatre transmises \u00e0 des organismes scientifiques tels que des registres de pathologie d\u00fbment autoris\u00e9s \u00e0 les traiter par la Commission Nationale de l\u2019Informatique et des Libert\u00e9s (CNIL).<\/p>\n\n\n\n<p>La transmission de ces donn\u00e9es se fait dans le respect des r\u00e8gles de confidentialit\u00e9 et le personnel de ces organismes scientifiques est soumis au secret professionnel. Les r\u00e9sultats issus des analyses effectu\u00e9es sur ces donn\u00e9es sont pr\u00e9sent\u00e9s de mani\u00e8re strictement anonyme.<\/p>\n\n\n\n<p>La loi Informatique et libert\u00e9s et le r\u00e8glement g\u00e9n\u00e9ral sur la protection des donn\u00e9es personnelles (RGPD) garantissent vos droits :<\/p>\n\n\n\n<ul class=\"wp-block-list\">\n<li>d\u2019acc\u00e8s \u00e0 vos donn\u00e9es<\/li>\n\n\n\n<li>de rectification de vos donn\u00e9es<\/li>\n\n\n\n<li>de portabilit\u00e9 de vos donn\u00e9es collect\u00e9es<\/li>\n\n\n\n<li>de limitation de traitement de vos donn\u00e9es<\/li>\n\n\n\n<li>d\u2019opposition \u00e0 leur utilisation \u00e0 des fins de recherche<\/li>\n<\/ul>\n\n\n\n<p>Pour toute question relative \u00e0 la protection des donn\u00e9es, vous pouvez contacter le responsable du CSNP de Mulhouse (contact@csnp-mulhouse.fr).<\/p>\n\n\n\n<p>Si vous estimez que vos droits n\u2019ont pas \u00e9t\u00e9 respect\u00e9s, vous pouvez saisir la Commission Nationale de l\u2019Informatique et des Libert\u00e9s (CNIL) en consultant le site internet : www.cnil.fr ou par courrier \u00e0 l\u2019adresse suivante :<\/p>\n\n\n\n<p>Commission Nationale de l\u2019Informatique et Libert\u00e9s<\/p>\n\n\n\n<p>3 Place de Fontenoy<\/p>\n\n\n\n<p>TSA 80715<\/p>\n\n\n\n<p>75334 PARIS CEDEX 07<\/p>\n","protected":false},"excerpt":{"rendered":"<p>csnp-mulhouse.fr est le site officiel du CSNP (Centre de Soins Non Programm\u00e9s) de Mulhouse. CENTRE DE SOINS NON PROGRAMMES 3H rue du Dr Mangeney 68100 MULHOUSE Informations l\u00e9gales L&rsquo;information communiqu\u00e9e sur ce site est pr\u00e9sent\u00e9e \u00e0 titre indicatif. Elle ne pr\u00e9tend aucunement \u00e0 l&rsquo;exhaustivit\u00e9. Malgr\u00e9 les mises \u00e0 jour du contenu du site, le CSNP [&hellip;]<\/p>\n","protected":false},"author":1,"featured_media":0,"parent":0,"menu_order":0,"comment_status":"closed","ping_status":"closed","template":"","meta":{"footnotes":""},"class_list":["post-12","page","type-page","status-publish","hentry"],"_links":{"self":[{"href":"https:\/\/www.csnp-mulhouse.fr\/index.php?rest_route=\/wp\/v2\/pages\/12","targetHints":{"allow":["GET"]}}],"collection":[{"href":"https:\/\/www.csnp-mulhouse.fr\/index.php?rest_route=\/wp\/v2\/pages"}],"about":[{"href":"https:\/\/www.csnp-mulhouse.fr\/index.php?rest_route=\/wp\/v2\/types\/page"}],"author":[{"embeddable":true,"href":"https:\/\/www.csnp-mulhouse.fr\/index.php?rest_route=\/wp\/v2\/users\/1"}],"replies":[{"embeddable":true,"href":"https:\/\/www.csnp-mulhouse.fr\/index.php?rest_route=%2Fwp%2Fv2%2Fcomments&post=12"}],"version-history":[{"count":1,"href":"https:\/\/www.csnp-mulhouse.fr\/index.php?rest_route=\/wp\/v2\/pages\/12\/revisions"}],"predecessor-version":[{"id":29,"href":"https:\/\/www.csnp-mulhouse.fr\/index.php?rest_route=\/wp\/v2\/pages\/12\/revisions\/29"}],"wp:attachment":[{"href":"https:\/\/www.csnp-mulhouse.fr\/index.php?rest_route=%2Fwp%2Fv2%2Fmedia&parent=12"}],"curies":[{"name":"wp","href":"https:\/\/api.w.org\/{rel}","templated":true}]}}