{"id":6,"date":"2025-03-02T16:52:00","date_gmt":"2025-03-02T15:52:00","guid":{"rendered":"https:\/\/www.csnp-mulhouse.fr\/?page_id=2"},"modified":"2025-10-04T11:21:27","modified_gmt":"2025-10-04T09:21:27","slug":"csnp-mlh-accueil","status":"publish","type":"page","link":"https:\/\/www.csnp-mulhouse.fr\/","title":{"rendered":"Accueil"},"content":{"rendered":"\n<div class=\"wp-block-columns is-layout-flex wp-container-core-columns-is-layout-28f84493 wp-block-columns-is-layout-flex\">\n<div class=\"wp-block-column is-layout-flow wp-block-column-is-layout-flow\" style=\"flex-basis:25%\"><\/div>\n\n\n\n<div class=\"wp-block-column is-layout-flow wp-block-column-is-layout-flow\" style=\"flex-basis:50%\"><img decoding=\"async\" src=\"https:\/\/mlb-sante.fr\/CSNP\/affluence.png?ver=%3C?php%20echo%20time();%20?%3E\" alt=\"Currently open\" class=\"open-closed-status-image\">\n<\/div>\n\n\n\n<div class=\"wp-block-column is-layout-flow wp-block-column-is-layout-flow\" style=\"flex-basis:25%\"><\/div>\n<\/div>\n\n\n\n<p>Le CSNP prend en charge de 8h \u00e0 18h du lundi au vendredi :<\/p>\n\n\n\n<ul class=\"wp-block-list\">\n<li>les soins classiques de m\u00e9decine g\u00e9n\u00e9rale (infections ORL\/urinaires\/cutan\u00e9es, douleurs, affections saisonni\u00e8res, pathologies chroniques, etc\u2026)<\/li>\n\n\n\n<li>la petite traumatologie (entorses, contusions, plaies, etc\u2026)<\/li>\n<\/ul>\n\n\n\n<p>Le CSNP <strong>ne prend pas en charge<\/strong> les renouvellements de traitement (qui restent l\u2019apanage du m\u00e9decin traitant, r\u00e9f\u00e9rent du patient) y compris les stup\u00e9fiants, anxiolytiques et traitement de substitution<\/p>\n\n\n\n<p>Il est situ\u00e9 au 3H rue du Dr Mangeney \u00e0 proximit\u00e9 des urgences de l&rsquo;H\u00f4pital Emile Muller <\/p>\n\n\n\n<p><\/p>\n","protected":false},"excerpt":{"rendered":"<p>Le CSNP prend en charge de 8h \u00e0 18h du lundi au vendredi : Le CSNP ne prend pas en charge les renouvellements de traitement (qui restent l\u2019apanage du m\u00e9decin traitant, r\u00e9f\u00e9rent du patient) y compris les stup\u00e9fiants, anxiolytiques et traitement de substitution Il est situ\u00e9 au 3H rue du Dr Mangeney \u00e0 proximit\u00e9 des [&hellip;]<\/p>\n","protected":false},"author":1,"featured_media":16,"parent":0,"menu_order":0,"comment_status":"closed","ping_status":"closed","template":"","meta":{"footnotes":""},"class_list":["post-6","page","type-page","status-publish","has-post-thumbnail","hentry"],"_links":{"self":[{"href":"https:\/\/www.csnp-mulhouse.fr\/index.php?rest_route=\/wp\/v2\/pages\/6","targetHints":{"allow":["GET"]}}],"collection":[{"href":"https:\/\/www.csnp-mulhouse.fr\/index.php?rest_route=\/wp\/v2\/pages"}],"about":[{"href":"https:\/\/www.csnp-mulhouse.fr\/index.php?rest_route=\/wp\/v2\/types\/page"}],"author":[{"embeddable":true,"href":"https:\/\/www.csnp-mulhouse.fr\/index.php?rest_route=\/wp\/v2\/users\/1"}],"replies":[{"embeddable":true,"href":"https:\/\/www.csnp-mulhouse.fr\/index.php?rest_route=%2Fwp%2Fv2%2Fcomments&post=6"}],"version-history":[{"count":17,"href":"https:\/\/www.csnp-mulhouse.fr\/index.php?rest_route=\/wp\/v2\/pages\/6\/revisions"}],"predecessor-version":[{"id":126,"href":"https:\/\/www.csnp-mulhouse.fr\/index.php?rest_route=\/wp\/v2\/pages\/6\/revisions\/126"}],"wp:featuredmedia":[{"embeddable":true,"href":"https:\/\/www.csnp-mulhouse.fr\/index.php?rest_route=\/wp\/v2\/media\/16"}],"wp:attachment":[{"href":"https:\/\/www.csnp-mulhouse.fr\/index.php?rest_route=%2Fwp%2Fv2%2Fmedia&parent=6"}],"curies":[{"name":"wp","href":"https:\/\/api.w.org\/{rel}","templated":true}]}}